{"id":17403,"date":"2025-06-17T13:05:12","date_gmt":"2025-06-17T11:05:12","guid":{"rendered":"https:\/\/www.feminalise.com\/palmares-bieres-2025\/"},"modified":"2025-06-17T13:08:00","modified_gmt":"2025-06-17T11:08:00","slug":"beer-awards-2025","status":"publish","type":"page","link":"https:\/\/www.feminalise.com\/en\/beer-awards-2025\/","title":{"rendered":"Beer awards 2025"},"content":{"rendered":"\t\t<div data-elementor-type=\"wp-page\" data-elementor-id=\"17403\" class=\"elementor elementor-17403 elementor-17398\" data-elementor-post-type=\"page\">\n\t\t\t\t\t\t<section class=\"elementor-section elementor-top-section elementor-element elementor-element-e44f487 elementor-section-height-min-height elementor-section-boxed elementor-section-height-default elementor-section-items-middle\" data-id=\"e44f487\" data-element_type=\"section\" data-e-type=\"section\" data-settings=\"{&quot;background_background&quot;:&quot;classic&quot;}\">\n\t\t\t\t\t\t<div class=\"elementor-container elementor-column-gap-default\">\n\t\t\t\t\t<div class=\"elementor-column elementor-col-100 elementor-top-column elementor-element elementor-element-6f5d04f\" data-id=\"6f5d04f\" data-element_type=\"column\" data-e-type=\"column\">\n\t\t\t<div class=\"elementor-widget-wrap\">\n\t\t\t\t\t\t\t<\/div>\n\t\t<\/div>\n\t\t\t\t\t<\/div>\n\t\t<\/section>\n\t\t\t\t<section class=\"elementor-section elementor-top-section elementor-element elementor-element-99df345 elementor-section-boxed elementor-section-height-default elementor-section-height-default\" data-id=\"99df345\" data-element_type=\"section\" data-e-type=\"section\">\n\t\t\t\t\t\t<div class=\"elementor-container elementor-column-gap-default\">\n\t\t\t\t\t<div class=\"elementor-column elementor-col-100 elementor-top-column elementor-element elementor-element-765d553\" data-id=\"765d553\" data-element_type=\"column\" data-e-type=\"column\">\n\t\t\t<div class=\"elementor-widget-wrap elementor-element-populated\">\n\t\t\t\t\t\t<div class=\"elementor-element elementor-element-b2453ee elementor-widget elementor-widget-spacer\" data-id=\"b2453ee\" data-element_type=\"widget\" data-e-type=\"widget\" data-widget_type=\"spacer.default\">\n\t\t\t\t<div class=\"elementor-widget-container\">\n\t\t\t\t\t\t\t<div class=\"elementor-spacer\">\n\t\t\t<div class=\"elementor-spacer-inner\"><\/div>\n\t\t<\/div>\n\t\t\t\t\t\t<\/div>\n\t\t\t\t<\/div>\n\t\t\t\t<div class=\"elementor-element elementor-element-9a87030 elementor-widget elementor-widget-heading\" data-id=\"9a87030\" data-element_type=\"widget\" data-e-type=\"widget\" data-widget_type=\"heading.default\">\n\t\t\t\t<div class=\"elementor-widget-container\">\n\t\t\t\t\t<h1 class=\"elementor-heading-title elementor-size-default\">Beer awards 2025<\/h1>\t\t\t\t<\/div>\n\t\t\t\t<\/div>\n\t\t\t\t<div class=\"elementor-element elementor-element-f064787 elementor-widget-divider--view-line elementor-widget elementor-widget-divider\" data-id=\"f064787\" data-element_type=\"widget\" data-e-type=\"widget\" data-widget_type=\"divider.default\">\n\t\t\t\t<div class=\"elementor-widget-container\">\n\t\t\t\t\t\t\t<div class=\"elementor-divider\">\n\t\t\t<span class=\"elementor-divider-separator\">\n\t\t\t\t\t\t<\/span>\n\t\t<\/div>\n\t\t\t\t\t\t<\/div>\n\t\t\t\t<\/div>\n\t\t\t\t<div class=\"elementor-element elementor-element-5bb5221 elementor-widget elementor-widget-spacer\" data-id=\"5bb5221\" data-element_type=\"widget\" data-e-type=\"widget\" data-widget_type=\"spacer.default\">\n\t\t\t\t<div class=\"elementor-widget-container\">\n\t\t\t\t\t\t\t<div class=\"elementor-spacer\">\n\t\t\t<div class=\"elementor-spacer-inner\"><\/div>\n\t\t<\/div>\n\t\t\t\t\t\t<\/div>\n\t\t\t\t<\/div>\n\t\t\t\t\t<\/div>\n\t\t<\/div>\n\t\t\t\t\t<\/div>\n\t\t<\/section>\n\t\t\t\t<section class=\"elementor-section elementor-top-section elementor-element elementor-element-5df89e5 elementor-section-boxed elementor-section-height-default elementor-section-height-default\" data-id=\"5df89e5\" data-element_type=\"section\" data-e-type=\"section\">\n\t\t\t\t\t\t<div class=\"elementor-container elementor-column-gap-default\">\n\t\t\t\t\t<div class=\"elementor-column elementor-col-100 elementor-top-column elementor-element elementor-element-6266fe7\" data-id=\"6266fe7\" data-element_type=\"column\" data-e-type=\"column\">\n\t\t\t<div class=\"elementor-widget-wrap elementor-element-populated\">\n\t\t\t\t\t\t<div class=\"elementor-element elementor-element-93db23b elementor-widget elementor-widget-beers_widget\" data-id=\"93db23b\" data-element_type=\"widget\" data-e-type=\"widget\" data-widget_type=\"beers_widget.default\">\n\t\t\t\t<div class=\"elementor-widget-container\">\n\t\t\t\t\t<p style=\"margin: 20px 0;\">There is  1 beer<\/p><div class=\"allwine\">                <div class=\"winediv\">\r\n                    <div class=\"topimage biere\">\r\n                                                    <img decoding=\"async\" class=\"medaille\" src=\"https:\/\/www.feminalise.com\/wp-content\/themes\/feminalise\/img\/or.svg\" alt=\"- Feminalise\">\r\n                                                <\/div>\r\n                    <div class=\"headertext\">\r\n                        <div class=\"appellation\">HINOKI WOOD SAISON<\/div>\r\n                        <div class=\"productorname\">THRILLER BEACH BREWERY<\/div>\r\n                    <\/div>\r\n                    <div class=\"bodytext\">\r\n                        <div class=\"concours\">\r\n                            <img decoding=\"async\" src=\"https:\/\/www.feminalise.com\/wp-content\/themes\/feminalise\/img\/concours.svg\" alt=\"- Feminalise\">\r\n                            Concours F\u00e9minalise 2026                        <\/div>\r\n                        <div class=\"pays\">\r\n                            <img decoding=\"async\" src=\"https:\/\/www.feminalise.com\/wp-content\/themes\/feminalise\/img\/countries\/392.svg\" alt=\"- Feminalise\">\r\n                            Japon                                                    <\/div>\r\n                    <\/div>\r\n                    <div class=\"lieu\">\r\n                                            <\/div>\r\n                    <div class=\"footertext\">\r\n                                                                    <\/div>\r\n                    <div class=\"footertext\">\r\n                        \r\n                        <a class=\"seemore\" href=\"https:\/\/www.feminalise.com\/en\/beer-awards-2026\/101425-hinoki-wood-saison\/\">\r\n                            View details                        <\/a>\r\n                    <\/div>\r\n                <\/div>\r\n            <\/div>\t\t\t\t<\/div>\n\t\t\t\t<\/div>\n\t\t\t\t\t<\/div>\n\t\t<\/div>\n\t\t\t\t\t<\/div>\n\t\t<\/section>\n\t\t\t\t<\/div>\n\t\t","protected":false},"excerpt":{"rendered":"<p>Beer awards 2025 There are 5 beers COEDO Beniaka COEDOBREWERY KYODOSHOJI CORP., LTD. Concours F\u00e9minalise 2025 Japon View details Yatsu Yuro LOL CO., LTD. Concours F\u00e9minalise 2025 Japon View details Muginokura LOL CO., LTD. Concours F\u00e9minalise 2025 Japon View details Session with Wave &amp; Aroma THRILLER BEACH BREWERY Concours F\u00e9minalise 2025 Japon View details eden&hellip; <a class=\"more-link\" href=\"https:\/\/www.feminalise.com\/en\/beer-awards-2025\/\">Continue reading <span class=\"screen-reader-text\">Beer awards 2025<\/span><\/a><\/p>\n","protected":false},"author":4,"featured_media":0,"parent":0,"menu_order":0,"comment_status":"closed","ping_status":"closed","template":"elementor_header_footer","meta":{"_acf_changed":false,"footnotes":""},"class_list":["post-17403","page","type-page","status-publish","hentry","entry"],"acf":[],"_links":{"self":[{"href":"https:\/\/www.feminalise.com\/en\/wp-json\/wp\/v2\/pages\/17403","targetHints":{"allow":["GET"]}}],"collection":[{"href":"https:\/\/www.feminalise.com\/en\/wp-json\/wp\/v2\/pages"}],"about":[{"href":"https:\/\/www.feminalise.com\/en\/wp-json\/wp\/v2\/types\/page"}],"author":[{"embeddable":true,"href":"https:\/\/www.feminalise.com\/en\/wp-json\/wp\/v2\/users\/4"}],"replies":[{"embeddable":true,"href":"https:\/\/www.feminalise.com\/en\/wp-json\/wp\/v2\/comments?post=17403"}],"version-history":[{"count":5,"href":"https:\/\/www.feminalise.com\/en\/wp-json\/wp\/v2\/pages\/17403\/revisions"}],"predecessor-version":[{"id":17408,"href":"https:\/\/www.feminalise.com\/en\/wp-json\/wp\/v2\/pages\/17403\/revisions\/17408"}],"wp:attachment":[{"href":"https:\/\/www.feminalise.com\/en\/wp-json\/wp\/v2\/media?parent=17403"}],"curies":[{"name":"wp","href":"https:\/\/api.w.org\/{rel}","templated":true}]}}